{"id":27,"date":"2026-03-29T08:51:25","date_gmt":"2026-03-29T06:51:25","guid":{"rendered":"http:\/\/221.wordpressalk.pl\/?page_id=27"},"modified":"2026-03-29T10:36:24","modified_gmt":"2026-03-29T08:36:24","slug":"kontakt","status":"publish","type":"page","link":"https:\/\/221.wordpressalk.pl\/index.php\/kontakt\/","title":{"rendered":"Kontakt"},"content":{"rendered":"\n<p>Skontaktuj si\u0119 z nami, aby uzyska\u0107 szczeg\u00f3\u0142owe informacje o dost\u0119pnych ekskawatorach, minikoparkach oraz aktualnych ofertach. Odpowiemy na wszystkie pytania, pomo\u017cemy dobra\u0107 odpowiedni\u0105 maszyn\u0119 oraz przygotujemy indywidualn\u0105 wycen\u0119.<\/p>\n\n\n\n<p>Mo\u017cesz skontaktowa\u0107 si\u0119 z nami telefonicznie, mailowo lub poprzez formularz kontaktowy. Dzia\u0142amy na terenie ca\u0142ej Polski i oferujemy transport zakupionej maszyny bezpo\u015brednio do klienta.<\/p>\n\n\n\n<p>Zapraszamy do kontaktu \u2013 ch\u0119tnie doradzimy i pomo\u017cemy w wyborze odpowiedniego sprz\u0119tu.<\/p>\n\n\n\n<figure class=\"wp-block-image size-large\"><img fetchpriority=\"high\" decoding=\"async\" width=\"1024\" height=\"683\" src=\"http:\/\/221.wordpressalk.pl\/wp-content\/uploads\/2026\/03\/ChatGPT-Image-Mar-29-2026-09_23_52-AM-1024x683.png\" alt=\"\" class=\"wp-image-38\" srcset=\"https:\/\/221.wordpressalk.pl\/wp-content\/uploads\/2026\/03\/ChatGPT-Image-Mar-29-2026-09_23_52-AM-1024x683.png 1024w, https:\/\/221.wordpressalk.pl\/wp-content\/uploads\/2026\/03\/ChatGPT-Image-Mar-29-2026-09_23_52-AM-600x400.png 600w, https:\/\/221.wordpressalk.pl\/wp-content\/uploads\/2026\/03\/ChatGPT-Image-Mar-29-2026-09_23_52-AM-300x200.png 300w, https:\/\/221.wordpressalk.pl\/wp-content\/uploads\/2026\/03\/ChatGPT-Image-Mar-29-2026-09_23_52-AM-768x512.png 768w, https:\/\/221.wordpressalk.pl\/wp-content\/uploads\/2026\/03\/ChatGPT-Image-Mar-29-2026-09_23_52-AM.png 1536w\" sizes=\"(max-width: 1024px) 100vw, 1024px\" \/><\/figure>\n\n\n\n<div class=\"wp-block-buttons is-content-justification-center is-layout-flex wp-container-core-buttons-is-layout-a89b3969 wp-block-buttons-is-layout-flex\">\n<div class=\"wp-block-button\"><a class=\"wp-block-button__link wp-element-button\">Napisz <\/a><\/div>\n\n\n\n<div class=\"wp-block-button\"><a class=\"wp-block-button__link has-text-align-center wp-element-button\">Zadzwo\u0144<\/a><\/div>\n<\/div>\n\n\n\n<p><\/p>\n\n\n\n<ul class=\"wp-block-social-links is-layout-flex wp-block-social-links-is-layout-flex\">\n\n\n\n\n\n\n\n<\/ul>\n\n\n\n<p><\/p>\n","protected":false},"excerpt":{"rendered":"<p>Skontaktuj si\u0119 z nami, aby uzyska\u0107 szczeg\u00f3\u0142owe informacje o dost\u0119pnych ekskawatorach, minikoparkach oraz aktualnych ofertach. Odpowiemy na wszystkie pytania, pomo\u017cemy [&hellip;]<\/p>\n","protected":false},"author":1,"featured_media":0,"parent":0,"menu_order":0,"comment_status":"closed","ping_status":"closed","template":"","meta":{"site-sidebar-layout":"default","site-content-layout":"","ast-site-content-layout":"default","site-content-style":"default","site-sidebar-style":"default","ast-global-header-display":"","ast-banner-title-visibility":"","ast-main-header-display":"","ast-hfb-above-header-display":"","ast-hfb-below-header-display":"","ast-hfb-mobile-header-display":"","site-post-title":"","ast-breadcrumbs-content":"","ast-featured-img":"","footer-sml-layout":"","ast-disable-related-posts":"","theme-transparent-header-meta":"","adv-header-id-meta":"","stick-header-meta":"","header-above-stick-meta":"","header-main-stick-meta":"","header-below-stick-meta":"","astra-migrate-meta-layouts":"default","ast-page-background-enabled":"default","ast-page-background-meta":{"desktop":{"background-color":"var(--ast-global-color-5)","background-image":"","background-repeat":"repeat","background-position":"center center","background-size":"auto","background-attachment":"scroll","background-type":"","background-media":"","overlay-type":"","overlay-color":"","overlay-opacity":"","overlay-gradient":""},"tablet":{"background-color":"","background-image":"","background-repeat":"repeat","background-position":"center center","background-size":"auto","background-attachment":"scroll","background-type":"","background-media":"","overlay-type":"","overlay-color":"","overlay-opacity":"","overlay-gradient":""},"mobile":{"background-color":"","background-image":"","background-repeat":"repeat","background-position":"center center","background-size":"auto","background-attachment":"scroll","background-type":"","background-media":"","overlay-type":"","overlay-color":"","overlay-opacity":"","overlay-gradient":""}},"ast-content-background-meta":{"desktop":{"background-color":"var(--ast-global-color-4)","background-image":"","background-repeat":"repeat","background-position":"center center","background-size":"auto","background-attachment":"scroll","background-type":"","background-media":"","overlay-type":"","overlay-color":"","overlay-opacity":"","overlay-gradient":""},"tablet":{"background-color":"var(--ast-global-color-4)","background-image":"","background-repeat":"repeat","background-position":"center center","background-size":"auto","background-attachment":"scroll","background-type":"","background-media":"","overlay-type":"","overlay-color":"","overlay-opacity":"","overlay-gradient":""},"mobile":{"background-color":"var(--ast-global-color-4)","background-image":"","background-repeat":"repeat","background-position":"center center","background-size":"auto","background-attachment":"scroll","background-type":"","background-media":"","overlay-type":"","overlay-color":"","overlay-opacity":"","overlay-gradient":""}},"footnotes":""},"class_list":["post-27","page","type-page","status-publish","hentry"],"yoast_head":"<!-- This site is optimized with the Yoast SEO plugin v27.5 - https:\/\/yoast.com\/product\/yoast-seo-wordpress\/ -->\n<title>Kontakt - Megakop<\/title>\n<meta name=\"description\" content=\"Skontaktuj si\u0119 z nami, aby uzyska\u0107 ofert\u0119 na ekskawatory i minikoparki. Oferujemy sprzeda\u017c maszyn budowlanych, transport oraz doradztwo.\" \/>\n<meta name=\"robots\" content=\"index, follow, max-snippet:-1, max-image-preview:large, max-video-preview:-1\" \/>\n<link rel=\"canonical\" href=\"https:\/\/221.wordpressalk.pl\/index.php\/kontakt\/\" \/>\n<meta property=\"og:locale\" content=\"pl_PL\" \/>\n<meta property=\"og:type\" content=\"article\" \/>\n<meta property=\"og:title\" content=\"Kontakt - Megakop\" \/>\n<meta property=\"og:description\" content=\"Skontaktuj si\u0119 z nami, aby uzyska\u0107 ofert\u0119 na ekskawatory i minikoparki. Oferujemy sprzeda\u017c maszyn budowlanych, transport oraz doradztwo.\" \/>\n<meta property=\"og:url\" content=\"https:\/\/221.wordpressalk.pl\/index.php\/kontakt\/\" \/>\n<meta property=\"og:site_name\" content=\"Megakop\" \/>\n<meta property=\"article:modified_time\" content=\"2026-03-29T08:36:24+00:00\" \/>\n<meta property=\"og:image\" content=\"http:\/\/221.wordpressalk.pl\/wp-content\/uploads\/2026\/03\/ChatGPT-Image-Mar-29-2026-09_23_52-AM-1024x683.png\" \/>\n<meta name=\"twitter:card\" content=\"summary_large_image\" \/>\n<meta name=\"twitter:label1\" content=\"Szacowany czas czytania\" \/>\n\t<meta name=\"twitter:data1\" content=\"1 minuta\" \/>\n<script type=\"application\/ld+json\" class=\"yoast-schema-graph\">{\"@context\":\"https:\\\/\\\/schema.org\",\"@graph\":[{\"@type\":\"WebPage\",\"@id\":\"https:\\\/\\\/221.wordpressalk.pl\\\/index.php\\\/kontakt\\\/\",\"url\":\"https:\\\/\\\/221.wordpressalk.pl\\\/index.php\\\/kontakt\\\/\",\"name\":\"Kontakt - Megakop\",\"isPartOf\":{\"@id\":\"http:\\\/\\\/221.wordpressalk.pl\\\/#website\"},\"primaryImageOfPage\":{\"@id\":\"https:\\\/\\\/221.wordpressalk.pl\\\/index.php\\\/kontakt\\\/#primaryimage\"},\"image\":{\"@id\":\"https:\\\/\\\/221.wordpressalk.pl\\\/index.php\\\/kontakt\\\/#primaryimage\"},\"thumbnailUrl\":\"http:\\\/\\\/221.wordpressalk.pl\\\/wp-content\\\/uploads\\\/2026\\\/03\\\/ChatGPT-Image-Mar-29-2026-09_23_52-AM-1024x683.png\",\"datePublished\":\"2026-03-29T06:51:25+00:00\",\"dateModified\":\"2026-03-29T08:36:24+00:00\",\"description\":\"Skontaktuj si\u0119 z nami, aby uzyska\u0107 ofert\u0119 na ekskawatory i minikoparki. Oferujemy sprzeda\u017c maszyn budowlanych, transport oraz doradztwo.\",\"breadcrumb\":{\"@id\":\"https:\\\/\\\/221.wordpressalk.pl\\\/index.php\\\/kontakt\\\/#breadcrumb\"},\"inLanguage\":\"pl-PL\",\"potentialAction\":[{\"@type\":\"ReadAction\",\"target\":[\"https:\\\/\\\/221.wordpressalk.pl\\\/index.php\\\/kontakt\\\/\"]}]},{\"@type\":\"ImageObject\",\"inLanguage\":\"pl-PL\",\"@id\":\"https:\\\/\\\/221.wordpressalk.pl\\\/index.php\\\/kontakt\\\/#primaryimage\",\"url\":\"https:\\\/\\\/221.wordpressalk.pl\\\/wp-content\\\/uploads\\\/2026\\\/03\\\/ChatGPT-Image-Mar-29-2026-09_23_52-AM.png\",\"contentUrl\":\"https:\\\/\\\/221.wordpressalk.pl\\\/wp-content\\\/uploads\\\/2026\\\/03\\\/ChatGPT-Image-Mar-29-2026-09_23_52-AM.png\",\"width\":1536,\"height\":1024},{\"@type\":\"BreadcrumbList\",\"@id\":\"https:\\\/\\\/221.wordpressalk.pl\\\/index.php\\\/kontakt\\\/#breadcrumb\",\"itemListElement\":[{\"@type\":\"ListItem\",\"position\":1,\"name\":\"Strona g\u0142\u00f3wna\",\"item\":\"http:\\\/\\\/221.wordpressalk.pl\\\/\"},{\"@type\":\"ListItem\",\"position\":2,\"name\":\"Kontakt\"}]},{\"@type\":\"WebSite\",\"@id\":\"http:\\\/\\\/221.wordpressalk.pl\\\/#website\",\"url\":\"http:\\\/\\\/221.wordpressalk.pl\\\/\",\"name\":\"Megakop\",\"description\":\"Tw\u00f3j partner w ci\u0119\u017ckich pracach budowlanych\",\"publisher\":{\"@id\":\"http:\\\/\\\/221.wordpressalk.pl\\\/#organization\"},\"potentialAction\":[{\"@type\":\"SearchAction\",\"target\":{\"@type\":\"EntryPoint\",\"urlTemplate\":\"http:\\\/\\\/221.wordpressalk.pl\\\/?s={search_term_string}\"},\"query-input\":{\"@type\":\"PropertyValueSpecification\",\"valueRequired\":true,\"valueName\":\"search_term_string\"}}],\"inLanguage\":\"pl-PL\"},{\"@type\":\"Organization\",\"@id\":\"http:\\\/\\\/221.wordpressalk.pl\\\/#organization\",\"name\":\"Megakop\",\"url\":\"http:\\\/\\\/221.wordpressalk.pl\\\/\",\"logo\":{\"@type\":\"ImageObject\",\"inLanguage\":\"pl-PL\",\"@id\":\"http:\\\/\\\/221.wordpressalk.pl\\\/#\\\/schema\\\/logo\\\/image\\\/\",\"url\":\"https:\\\/\\\/221.wordpressalk.pl\\\/wp-content\\\/uploads\\\/2026\\\/04\\\/cropped-Gemini_Generated_Image_f06urwf06urwf06u-scaled-2.png\",\"contentUrl\":\"https:\\\/\\\/221.wordpressalk.pl\\\/wp-content\\\/uploads\\\/2026\\\/04\\\/cropped-Gemini_Generated_Image_f06urwf06urwf06u-scaled-2.png\",\"width\":951,\"height\":853,\"caption\":\"Megakop\"},\"image\":{\"@id\":\"http:\\\/\\\/221.wordpressalk.pl\\\/#\\\/schema\\\/logo\\\/image\\\/\"}}]}<\/script>\n<!-- \/ Yoast SEO plugin. -->","yoast_head_json":{"title":"Kontakt - Megakop","description":"Skontaktuj si\u0119 z nami, aby uzyska\u0107 ofert\u0119 na ekskawatory i minikoparki. Oferujemy sprzeda\u017c maszyn budowlanych, transport oraz doradztwo.","robots":{"index":"index","follow":"follow","max-snippet":"max-snippet:-1","max-image-preview":"max-image-preview:large","max-video-preview":"max-video-preview:-1"},"canonical":"https:\/\/221.wordpressalk.pl\/index.php\/kontakt\/","og_locale":"pl_PL","og_type":"article","og_title":"Kontakt - Megakop","og_description":"Skontaktuj si\u0119 z nami, aby uzyska\u0107 ofert\u0119 na ekskawatory i minikoparki. Oferujemy sprzeda\u017c maszyn budowlanych, transport oraz doradztwo.","og_url":"https:\/\/221.wordpressalk.pl\/index.php\/kontakt\/","og_site_name":"Megakop","article_modified_time":"2026-03-29T08:36:24+00:00","og_image":[{"url":"http:\/\/221.wordpressalk.pl\/wp-content\/uploads\/2026\/03\/ChatGPT-Image-Mar-29-2026-09_23_52-AM-1024x683.png","type":"","width":"","height":""}],"twitter_card":"summary_large_image","twitter_misc":{"Szacowany czas czytania":"1 minuta"},"schema":{"@context":"https:\/\/schema.org","@graph":[{"@type":"WebPage","@id":"https:\/\/221.wordpressalk.pl\/index.php\/kontakt\/","url":"https:\/\/221.wordpressalk.pl\/index.php\/kontakt\/","name":"Kontakt - Megakop","isPartOf":{"@id":"http:\/\/221.wordpressalk.pl\/#website"},"primaryImageOfPage":{"@id":"https:\/\/221.wordpressalk.pl\/index.php\/kontakt\/#primaryimage"},"image":{"@id":"https:\/\/221.wordpressalk.pl\/index.php\/kontakt\/#primaryimage"},"thumbnailUrl":"http:\/\/221.wordpressalk.pl\/wp-content\/uploads\/2026\/03\/ChatGPT-Image-Mar-29-2026-09_23_52-AM-1024x683.png","datePublished":"2026-03-29T06:51:25+00:00","dateModified":"2026-03-29T08:36:24+00:00","description":"Skontaktuj si\u0119 z nami, aby uzyska\u0107 ofert\u0119 na ekskawatory i minikoparki. Oferujemy sprzeda\u017c maszyn budowlanych, transport oraz doradztwo.","breadcrumb":{"@id":"https:\/\/221.wordpressalk.pl\/index.php\/kontakt\/#breadcrumb"},"inLanguage":"pl-PL","potentialAction":[{"@type":"ReadAction","target":["https:\/\/221.wordpressalk.pl\/index.php\/kontakt\/"]}]},{"@type":"ImageObject","inLanguage":"pl-PL","@id":"https:\/\/221.wordpressalk.pl\/index.php\/kontakt\/#primaryimage","url":"https:\/\/221.wordpressalk.pl\/wp-content\/uploads\/2026\/03\/ChatGPT-Image-Mar-29-2026-09_23_52-AM.png","contentUrl":"https:\/\/221.wordpressalk.pl\/wp-content\/uploads\/2026\/03\/ChatGPT-Image-Mar-29-2026-09_23_52-AM.png","width":1536,"height":1024},{"@type":"BreadcrumbList","@id":"https:\/\/221.wordpressalk.pl\/index.php\/kontakt\/#breadcrumb","itemListElement":[{"@type":"ListItem","position":1,"name":"Strona g\u0142\u00f3wna","item":"http:\/\/221.wordpressalk.pl\/"},{"@type":"ListItem","position":2,"name":"Kontakt"}]},{"@type":"WebSite","@id":"http:\/\/221.wordpressalk.pl\/#website","url":"http:\/\/221.wordpressalk.pl\/","name":"Megakop","description":"Tw\u00f3j partner w ci\u0119\u017ckich pracach budowlanych","publisher":{"@id":"http:\/\/221.wordpressalk.pl\/#organization"},"potentialAction":[{"@type":"SearchAction","target":{"@type":"EntryPoint","urlTemplate":"http:\/\/221.wordpressalk.pl\/?s={search_term_string}"},"query-input":{"@type":"PropertyValueSpecification","valueRequired":true,"valueName":"search_term_string"}}],"inLanguage":"pl-PL"},{"@type":"Organization","@id":"http:\/\/221.wordpressalk.pl\/#organization","name":"Megakop","url":"http:\/\/221.wordpressalk.pl\/","logo":{"@type":"ImageObject","inLanguage":"pl-PL","@id":"http:\/\/221.wordpressalk.pl\/#\/schema\/logo\/image\/","url":"https:\/\/221.wordpressalk.pl\/wp-content\/uploads\/2026\/04\/cropped-Gemini_Generated_Image_f06urwf06urwf06u-scaled-2.png","contentUrl":"https:\/\/221.wordpressalk.pl\/wp-content\/uploads\/2026\/04\/cropped-Gemini_Generated_Image_f06urwf06urwf06u-scaled-2.png","width":951,"height":853,"caption":"Megakop"},"image":{"@id":"http:\/\/221.wordpressalk.pl\/#\/schema\/logo\/image\/"}}]}},"_links":{"self":[{"href":"https:\/\/221.wordpressalk.pl\/index.php\/wp-json\/wp\/v2\/pages\/27","targetHints":{"allow":["GET"]}}],"collection":[{"href":"https:\/\/221.wordpressalk.pl\/index.php\/wp-json\/wp\/v2\/pages"}],"about":[{"href":"https:\/\/221.wordpressalk.pl\/index.php\/wp-json\/wp\/v2\/types\/page"}],"author":[{"embeddable":true,"href":"https:\/\/221.wordpressalk.pl\/index.php\/wp-json\/wp\/v2\/users\/1"}],"replies":[{"embeddable":true,"href":"https:\/\/221.wordpressalk.pl\/index.php\/wp-json\/wp\/v2\/comments?post=27"}],"version-history":[{"count":4,"href":"https:\/\/221.wordpressalk.pl\/index.php\/wp-json\/wp\/v2\/pages\/27\/revisions"}],"predecessor-version":[{"id":44,"href":"https:\/\/221.wordpressalk.pl\/index.php\/wp-json\/wp\/v2\/pages\/27\/revisions\/44"}],"wp:attachment":[{"href":"https:\/\/221.wordpressalk.pl\/index.php\/wp-json\/wp\/v2\/media?parent=27"}],"curies":[{"name":"wp","href":"https:\/\/api.w.org\/{rel}","templated":true}]}}